{"id":35,"date":"2021-04-25T20:37:19","date_gmt":"2021-04-25T20:37:19","guid":{"rendered":"http:\/\/www.inafashion.com.pl\/?page_id=35"},"modified":"2021-06-19T21:41:35","modified_gmt":"2021-06-19T21:41:35","slug":"furazerki-inafashion-com-pl","status":"publish","type":"page","link":"https:\/\/www.inafashion.com.pl\/index.php\/furazerki-inafashion-com-pl\/","title":{"rendered":"Fura\u017cerki InaFashion.com.pl"},"content":{"rendered":"\n<p>Nasza firma projektuje i wykonuje fura\u017cerki. Kolorystyka \u2013 do ustalenia.<\/p>\n\n\n\n<p>W naszej ofercie znale\u017a\u0107 mo\u017cna:<\/p>\n\n\n\n<p>\u2022&nbsp;&nbsp;&nbsp;&nbsp;&nbsp;&nbsp;&nbsp;&nbsp;&nbsp;&nbsp;&nbsp;&nbsp; <strong>Fura\u017cerki dla ma\u017coretek<\/strong> \u2013 wchodz\u0105 w sk\u0142ad kompletnego stroju dla ma\u017coretek. W naszej firmie mo\u017cna je r\u00f3wnie\u017c zamawia\u0107 osobno &#8211; wykonujemy <strong>fura\u017cerki dla solistek<\/strong> i sprzedajemy pojedyncze sztuki.<\/p>\n\n\n\n<p>\u2022&nbsp;&nbsp;&nbsp;&nbsp;&nbsp;&nbsp;&nbsp;&nbsp;&nbsp;&nbsp;&nbsp;&nbsp; <strong>Fura\u017cerki dla hostess<\/strong> \u2013 wykonujemy fura\u017cerki dla hostess (na przyk\u0142ad na targi albo imprezy wystawiennicze), dla pracownic hoteli, na imprezy firmowe i do wielu innych zastosowa\u0144.<\/p>\n\n\n\n<p>\u2022&nbsp;            Nasze fura\u017cerki wykonane s\u0105 z du\u017c\u0105 staranno\u015bci\u0105, z materia\u0142\u00f3w wysokiej jako\u015bci. <\/p>\n\n\n\n<p>\u2022&nbsp;            Zapraszamy do kontaktu telefonicznego &#8211; <strong>tel.<\/strong> <strong>517-930-316<\/strong> &#8211; lub mailowego &#8211;<strong> inafashion@interia.pl <\/strong>  <\/p>\n\n\n\n<div class=\"wp-block-buttons is-content-justification-center\">\n<div class=\"wp-block-button\"><a class=\"wp-block-button__link has-text-color has-background\" href=\"http:\/\/www.inafashion.com.pl\" style=\"border-radius:50px;background:linear-gradient(135deg,rgb(135,9,53) 0%,rgb(179,22,22) 100%);color:#fffffa\" target=\"_blank\" rel=\"noreferrer noopener\">Powr\u00f3t na stron\u0119 g\u0142\u00f3wn\u0105<\/a><\/div>\n\n\n\n<div class=\"wp-block-button\"><a class=\"wp-block-button__link has-text-color has-background\" href=\"http:\/\/www.inafashion.com.pl\/index.php\/o-nas-inafashion-com-pl\/\" style=\"border-radius:50px;background:linear-gradient(317deg,rgb(135,9,53) 0%,rgb(179,22,22) 100%);color:#fffffa\" target=\"_blank\" rel=\"noreferrer noopener\">Skontaktuj si\u0119 z nami<\/a><\/div>\n<\/div>\n\n\n\n<figure class=\"wp-block-image size-large is-resized\"><img loading=\"lazy\" src=\"https:\/\/www.inafashion.com.pl\/wp-content\/uploads\/2021\/04\/logo4-2.jpg\" alt=\"\" class=\"wp-image-63\" width=\"847\" height=\"847\" srcset=\"https:\/\/www.inafashion.com.pl\/wp-content\/uploads\/2021\/04\/logo4-2.jpg 512w, https:\/\/www.inafashion.com.pl\/wp-content\/uploads\/2021\/04\/logo4-2-300x300.jpg 300w, https:\/\/www.inafashion.com.pl\/wp-content\/uploads\/2021\/04\/logo4-2-150x150.jpg 150w, https:\/\/www.inafashion.com.pl\/wp-content\/uploads\/2021\/04\/logo4-2-80x80.jpg 80w\" sizes=\"(max-width: 847px) 100vw, 847px\" \/><\/figure>\n\n\n\n<figure class=\"wp-block-image size-large is-resized\"><img loading=\"lazy\" src=\"https:\/\/www.inafashion.com.pl\/wp-content\/uploads\/2021\/06\/Ligota-300x200-1.jpg\" alt=\"\" class=\"wp-image-166\" width=\"846\" height=\"564\"\/><\/figure>\n\n\n<p class=\"wp-block-tag-cloud\"><a href=\"https:\/\/www.inafashion.com.pl\/index.php\/tag\/cheerleaderki-stroje\/\" class=\"tag-cloud-link tag-link-14 tag-link-position-1\" style=\"font-size: 8pt;\" aria-label=\"cheerleaderki stroje (1 element)\">cheerleaderki stroje<\/a>\n<a href=\"https:\/\/www.inafashion.com.pl\/index.php\/tag\/cheerleaders-stroje\/\" class=\"tag-cloud-link tag-link-36 tag-link-position-2\" style=\"font-size: 8pt;\" aria-label=\"cheerleaders stroje (1 element)\">cheerleaders stroje<\/a>\n<a href=\"https:\/\/www.inafashion.com.pl\/index.php\/tag\/furazerki-dla-mazoretek\/\" class=\"tag-cloud-link tag-link-3 tag-link-position-3\" style=\"font-size: 8pt;\" aria-label=\"fura\u017cerki dla ma\u017coretek (1 element)\">fura\u017cerki dla ma\u017coretek<\/a>\n<a href=\"https:\/\/www.inafashion.com.pl\/index.php\/tag\/furazerki-producent\/\" class=\"tag-cloud-link tag-link-8 tag-link-position-4\" style=\"font-size: 8pt;\" aria-label=\"fura\u017cerki producent (1 element)\">fura\u017cerki producent<\/a>\n<a href=\"https:\/\/www.inafashion.com.pl\/index.php\/tag\/kostiumy-dla-cheerleaderek\/\" class=\"tag-cloud-link tag-link-18 tag-link-position-5\" style=\"font-size: 8pt;\" aria-label=\"kostiumy dla cheerleaderek (1 element)\">kostiumy dla cheerleaderek<\/a>\n<a href=\"https:\/\/www.inafashion.com.pl\/index.php\/tag\/kostiumy-dla-mazoretek\/\" class=\"tag-cloud-link tag-link-17 tag-link-position-6\" style=\"font-size: 8pt;\" aria-label=\"kostiumy dla ma\u017coretek (1 element)\">kostiumy dla ma\u017coretek<\/a>\n<a href=\"https:\/\/www.inafashion.com.pl\/index.php\/tag\/stroje-cheerleaders-producent\/\" class=\"tag-cloud-link tag-link-38 tag-link-position-7\" style=\"font-size: 8pt;\" aria-label=\"stroje cheerleaders producent (1 element)\">stroje cheerleaders producent<\/a>\n<a href=\"https:\/\/www.inafashion.com.pl\/index.php\/tag\/stroje-dla-cheerleaderek\/\" class=\"tag-cloud-link tag-link-11 tag-link-position-8\" style=\"font-size: 8pt;\" aria-label=\"stroje dla cheerleaderek (1 element)\">stroje dla cheerleaderek<\/a>\n<a href=\"https:\/\/www.inafashion.com.pl\/index.php\/tag\/stroje-dla-cheerleaders\/\" class=\"tag-cloud-link tag-link-37 tag-link-position-9\" style=\"font-size: 8pt;\" aria-label=\"stroje dla cheerleaders (1 element)\">stroje dla cheerleaders<\/a>\n<a href=\"https:\/\/www.inafashion.com.pl\/index.php\/tag\/stroje-dla-duetow\/\" class=\"tag-cloud-link tag-link-41 tag-link-position-10\" style=\"font-size: 8pt;\" aria-label=\"stroje dla duet\u00f3w (1 element)\">stroje dla duet\u00f3w<\/a>\n<a href=\"https:\/\/www.inafashion.com.pl\/index.php\/tag\/stroje-dla-marzoretek\/\" class=\"tag-cloud-link tag-link-16 tag-link-position-11\" style=\"font-size: 8pt;\" aria-label=\"stroje dla mar\u017coretek (1 element)\">stroje dla mar\u017coretek<\/a>\n<a href=\"https:\/\/www.inafashion.com.pl\/index.php\/tag\/stroje-dla-mazoretek\/\" class=\"tag-cloud-link tag-link-12 tag-link-position-12\" style=\"font-size: 8pt;\" aria-label=\"stroje dla ma\u017coretek (1 element)\">stroje dla ma\u017coretek<\/a>\n<a href=\"https:\/\/www.inafashion.com.pl\/index.php\/tag\/stroje-dla-solistek\/\" class=\"tag-cloud-link tag-link-40 tag-link-position-13\" style=\"font-size: 8pt;\" aria-label=\"stroje dla solistek (1 element)\">stroje dla solistek<\/a>\n<a href=\"https:\/\/www.inafashion.com.pl\/index.php\/tag\/stroje-dla-zespolow-tanecznych\/\" class=\"tag-cloud-link tag-link-20 tag-link-position-14\" style=\"font-size: 8pt;\" aria-label=\"stroje dla zespo\u0142\u00f3w tanecznych (1 element)\">stroje dla zespo\u0142\u00f3w tanecznych<\/a>\n<a href=\"https:\/\/www.inafashion.com.pl\/index.php\/tag\/stroje-mazoretki\/\" class=\"tag-cloud-link tag-link-35 tag-link-position-15\" style=\"font-size: 8pt;\" aria-label=\"stroje ma\u017coretki (1 element)\">stroje ma\u017coretki<\/a>\n<a href=\"https:\/\/www.inafashion.com.pl\/index.php\/tag\/stroje-mazoretki-producent\/\" class=\"tag-cloud-link tag-link-39 tag-link-position-16\" style=\"font-size: 8pt;\" aria-label=\"stroje ma\u017coretki producent (1 element)\">stroje ma\u017coretki producent<\/a><\/p>\n\n\n<div class=\"wp-block-cover has-background-dim\"><img loading=\"lazy\" width=\"1042\" height=\"585\" class=\"wp-block-cover__image-background wp-image-233\" alt=\"\" src=\"https:\/\/www.inafashion.com.pl\/wp-content\/uploads\/2021\/06\/20170624_163645.jpg\" data-object-fit=\"cover\" srcset=\"https:\/\/www.inafashion.com.pl\/wp-content\/uploads\/2021\/06\/20170624_163645.jpg 1042w, https:\/\/www.inafashion.com.pl\/wp-content\/uploads\/2021\/06\/20170624_163645-300x168.jpg 300w, https:\/\/www.inafashion.com.pl\/wp-content\/uploads\/2021\/06\/20170624_163645-1024x575.jpg 1024w, https:\/\/www.inafashion.com.pl\/wp-content\/uploads\/2021\/06\/20170624_163645-768x431.jpg 768w\" sizes=\"(max-width: 1042px) 100vw, 1042px\" \/><div class=\"wp-block-cover__inner-container\">\n<p class=\"has-text-align-center has-large-font-size\">Fura\u017cerki InaFashion.com.pl<\/p>\n<\/div><\/div>\n","protected":false},"excerpt":{"rendered":"<p>Nasza firma projektuje i wykonuje fura\u017cerki. Kolorystyka \u2013 do ustalenia. W naszej ofercie znale\u017a\u0107 mo\u017cna: \u2022&nbsp;&nbsp;&nbsp;&nbsp;&nbsp;&nbsp;&nbsp;&nbsp;&nbsp;&nbsp;&nbsp;&nbsp; Fura\u017cerki dla ma\u017coretek \u2013<\/p>\n<p><a href=\"https:\/\/www.inafashion.com.pl\/index.php\/furazerki-inafashion-com-pl\/\" class=\"more-link\">Continue reading<span class=\"screen-reader-text\">Fura\u017cerki InaFashion.com.pl<\/span><\/a><\/p>\n","protected":false},"author":1,"featured_media":0,"parent":0,"menu_order":0,"comment_status":"closed","ping_status":"closed","template":"","meta":[],"_links":{"self":[{"href":"https:\/\/www.inafashion.com.pl\/index.php\/wp-json\/wp\/v2\/pages\/35"}],"collection":[{"href":"https:\/\/www.inafashion.com.pl\/index.php\/wp-json\/wp\/v2\/pages"}],"about":[{"href":"https:\/\/www.inafashion.com.pl\/index.php\/wp-json\/wp\/v2\/types\/page"}],"author":[{"embeddable":true,"href":"https:\/\/www.inafashion.com.pl\/index.php\/wp-json\/wp\/v2\/users\/1"}],"replies":[{"embeddable":true,"href":"https:\/\/www.inafashion.com.pl\/index.php\/wp-json\/wp\/v2\/comments?post=35"}],"version-history":[{"count":17,"href":"https:\/\/www.inafashion.com.pl\/index.php\/wp-json\/wp\/v2\/pages\/35\/revisions"}],"predecessor-version":[{"id":302,"href":"https:\/\/www.inafashion.com.pl\/index.php\/wp-json\/wp\/v2\/pages\/35\/revisions\/302"}],"wp:attachment":[{"href":"https:\/\/www.inafashion.com.pl\/index.php\/wp-json\/wp\/v2\/media?parent=35"}],"curies":[{"name":"wp","href":"https:\/\/api.w.org\/{rel}","templated":true}]}}