{"id":43,"date":"2021-04-25T20:40:36","date_gmt":"2021-04-25T20:40:36","guid":{"rendered":"http:\/\/www.inafashion.com.pl\/?page_id=43"},"modified":"2021-06-12T20:13:34","modified_gmt":"2021-06-12T20:13:34","slug":"stroje-dla-cheerleaderek-inafashion-com-pl","status":"publish","type":"page","link":"https:\/\/www.inafashion.com.pl\/index.php\/stroje-dla-cheerleaderek-inafashion-com-pl\/","title":{"rendered":"Stroje dla cheerleaderek InaFashion.com.pl"},"content":{"rendered":"\n<p><\/p>\n\n\n\n<div class=\"wp-block-cover has-background-dim\"><img loading=\"lazy\" width=\"1346\" height=\"895\" class=\"wp-block-cover__image-background wp-image-87\" alt=\"\" src=\"http:\/\/www.inafashion.com.pl\/wp-content\/uploads\/2021\/05\/jeden_wm.jpg\" data-object-fit=\"cover\" srcset=\"https:\/\/www.inafashion.com.pl\/wp-content\/uploads\/2021\/05\/jeden_wm.jpg 1346w, https:\/\/www.inafashion.com.pl\/wp-content\/uploads\/2021\/05\/jeden_wm-300x199.jpg 300w, https:\/\/www.inafashion.com.pl\/wp-content\/uploads\/2021\/05\/jeden_wm-1024x681.jpg 1024w, https:\/\/www.inafashion.com.pl\/wp-content\/uploads\/2021\/05\/jeden_wm-768x511.jpg 768w, https:\/\/www.inafashion.com.pl\/wp-content\/uploads\/2021\/05\/jeden_wm-920x613.jpg 920w\" sizes=\"(max-width: 1346px) 100vw, 1346px\" \/><div class=\"wp-block-cover__inner-container\">\n<p class=\"has-text-align-center has-large-font-size\">Stroje dla cheerleaderek &#8211; InaFashion.com.pl<\/p>\n<\/div><\/div>\n\n\n\n<p>Od samego pocz\u0105tku istnienia firma InaFashion zajmuje si\u0119 projektowaniem i wykonywaniem stroj\u00f3w dla cheerleaderek. Stroje dla cheerleaderek wykonywali\u015bmy tak\u017ce w oparciu o projekty naszych klient\u00f3w. <\/p>\n\n\n\n<p>W trakcie naszej dotychczasowej dzia\u0142alno\u015bci przygotowywali\u015bmy stroje dla cheerladerek, przeznaczone dla: profesjonalnych grup tanecznych, profesjonalnych grup sportowych, szkolnych zespo\u0142\u00f3w cheerleaderek i zespo\u0142\u00f3w amatorskich. <\/p>\n\n\n\n<p>Stroje dla cheerleaderek sk\u0142adaj\u0105 si\u0119 zazwyczaj z bluzeczki, sp\u00f3dniczki oraz szort\u00f3w. Mog\u0105 by\u0107 one wzbogacone o szereg dodatk\u00f3w, takich jak logo zespo\u0142u, logo dru\u017cyny sportowej, logo szko\u0142y, numer szko\u0142y. Wszystko zale\u017cy od Pa\u0144stwa oczekiwa\u0144 i od mo\u017cliwo\u015bci technicznych hafciarni, z kt\u00f3rymi wsp\u00f3\u0142pracuje nasza firma. Do stroj\u00f3w dla cheerleaderek mo\u017cemy r\u00f3wnie\u017c do\u0142\u0105czy\u0107 charakterystyczne, d\u0142ugie skarpety. <br>W swojej ofercie mamy r\u00f3wnie\u017c <strong>skarpety dla cheerleaderek<\/strong>, produkowane przez polsk\u0105 firm\u0119. <\/p>\n\n\n\n<p>Zach\u0119camy do zapoznania si\u0119 z wybranymi strojami, wykonanymi przez nasz\u0105 firm\u0119.<\/p>\n\n\n\n<p>Przeurocze cheerleaderki z zespo\u0142u \u201eHuragan Girls\u201d w czerwono czarno bia\u0142ych strojach wykonanych przez nasz\u0105 firm\u0119;Dziewczyny u\u015bwietniaj\u0105 wyst\u0119py wielkopolskiego klubu pi\u0142karskiego Huragan Pobiedziska. Na strojach dodatkowo znajduje si\u0119 logo klubu sportowego<\/p>\n\n\n\n<figure class=\"wp-block-gallery columns-3 is-cropped\"><ul class=\"blocks-gallery-grid\"><li class=\"blocks-gallery-item\"><figure><img loading=\"lazy\" width=\"800\" height=\"573\" src=\"http:\/\/www.inafashion.com.pl\/wp-content\/uploads\/2021\/06\/IMG_1539_wm.jpg\" alt=\"\" data-id=\"118\" data-full-url=\"http:\/\/www.inafashion.com.pl\/wp-content\/uploads\/2021\/06\/IMG_1539_wm.jpg\" data-link=\"http:\/\/www.inafashion.com.pl\/index.php\/stroje-dla-cheerleaderek-inafashion-com-pl\/img_1539_wm\/\" class=\"wp-image-118\" srcset=\"https:\/\/www.inafashion.com.pl\/wp-content\/uploads\/2021\/06\/IMG_1539_wm.jpg 800w, https:\/\/www.inafashion.com.pl\/wp-content\/uploads\/2021\/06\/IMG_1539_wm-300x215.jpg 300w, https:\/\/www.inafashion.com.pl\/wp-content\/uploads\/2021\/06\/IMG_1539_wm-768x550.jpg 768w\" sizes=\"(max-width: 800px) 100vw, 800px\" \/><\/figure><\/li><li class=\"blocks-gallery-item\"><figure><img loading=\"lazy\" width=\"1024\" height=\"681\" src=\"http:\/\/www.inafashion.com.pl\/wp-content\/uploads\/2021\/06\/jeden_wm-1024x681.jpg\" alt=\"\" data-id=\"119\" data-full-url=\"http:\/\/www.inafashion.com.pl\/wp-content\/uploads\/2021\/06\/jeden_wm.jpg\" data-link=\"http:\/\/www.inafashion.com.pl\/index.php\/stroje-dla-cheerleaderek-inafashion-com-pl\/jeden_wm-2\/\" class=\"wp-image-119\" srcset=\"https:\/\/www.inafashion.com.pl\/wp-content\/uploads\/2021\/06\/jeden_wm-1024x681.jpg 1024w, https:\/\/www.inafashion.com.pl\/wp-content\/uploads\/2021\/06\/jeden_wm-300x199.jpg 300w, https:\/\/www.inafashion.com.pl\/wp-content\/uploads\/2021\/06\/jeden_wm-768x511.jpg 768w, https:\/\/www.inafashion.com.pl\/wp-content\/uploads\/2021\/06\/jeden_wm-920x613.jpg 920w, https:\/\/www.inafashion.com.pl\/wp-content\/uploads\/2021\/06\/jeden_wm.jpg 1346w\" sizes=\"(max-width: 1024px) 100vw, 1024px\" \/><\/figure><\/li><li class=\"blocks-gallery-item\"><figure><img loading=\"lazy\" width=\"1024\" height=\"681\" src=\"http:\/\/www.inafashion.com.pl\/wp-content\/uploads\/2021\/06\/trzy-1024x681.jpg\" alt=\"\" data-id=\"120\" data-full-url=\"http:\/\/www.inafashion.com.pl\/wp-content\/uploads\/2021\/06\/trzy.jpg\" data-link=\"http:\/\/www.inafashion.com.pl\/index.php\/stroje-dla-cheerleaderek-inafashion-com-pl\/trzy\/\" class=\"wp-image-120\" srcset=\"https:\/\/www.inafashion.com.pl\/wp-content\/uploads\/2021\/06\/trzy-1024x681.jpg 1024w, https:\/\/www.inafashion.com.pl\/wp-content\/uploads\/2021\/06\/trzy-300x199.jpg 300w, https:\/\/www.inafashion.com.pl\/wp-content\/uploads\/2021\/06\/trzy-768x510.jpg 768w, https:\/\/www.inafashion.com.pl\/wp-content\/uploads\/2021\/06\/trzy-920x613.jpg 920w, https:\/\/www.inafashion.com.pl\/wp-content\/uploads\/2021\/06\/trzy.jpg 1342w\" sizes=\"(max-width: 1024px) 100vw, 1024px\" \/><\/figure><\/li><\/ul><\/figure>\n\n\n\n<p>Cheerleaderki z grupy \u201eEL DANCE\u201d z Zespo\u0142u Szkolno Gimnazjalnego z Brudzewa w bia\u0142o niebieskich strojach, wykonanych przez nasz\u0105 firm\u0119. Niezwykle urocze i ambitne dziewcz\u0119ta wyst\u0105pi\u0142y ju\u017c na szeregu imprez sportowych.<\/p>\n\n\n\n<figure class=\"wp-block-gallery columns-3 is-cropped\"><ul class=\"blocks-gallery-grid\"><li class=\"blocks-gallery-item\"><figure><img loading=\"lazy\" width=\"1024\" height=\"678\" src=\"http:\/\/www.inafashion.com.pl\/wp-content\/uploads\/2021\/06\/DSC_0057_wm-1024x678.jpg\" alt=\"\" data-id=\"111\" data-full-url=\"http:\/\/www.inafashion.com.pl\/wp-content\/uploads\/2021\/06\/DSC_0057_wm.jpg\" data-link=\"http:\/\/www.inafashion.com.pl\/index.php\/stroje-dla-cheerleaderek-inafashion-com-pl\/dsc_0057_wm\/\" class=\"wp-image-111\" srcset=\"https:\/\/www.inafashion.com.pl\/wp-content\/uploads\/2021\/06\/DSC_0057_wm-1024x678.jpg 1024w, https:\/\/www.inafashion.com.pl\/wp-content\/uploads\/2021\/06\/DSC_0057_wm-300x199.jpg 300w, https:\/\/www.inafashion.com.pl\/wp-content\/uploads\/2021\/06\/DSC_0057_wm-768x509.jpg 768w, https:\/\/www.inafashion.com.pl\/wp-content\/uploads\/2021\/06\/DSC_0057_wm.jpg 1499w\" sizes=\"(max-width: 1024px) 100vw, 1024px\" \/><\/figure><\/li><li class=\"blocks-gallery-item\"><figure><img loading=\"lazy\" width=\"1024\" height=\"676\" src=\"http:\/\/www.inafashion.com.pl\/wp-content\/uploads\/2021\/06\/DSC_0060_wm-1024x676.jpg\" alt=\"\" data-id=\"112\" data-full-url=\"http:\/\/www.inafashion.com.pl\/wp-content\/uploads\/2021\/06\/DSC_0060_wm.jpg\" data-link=\"http:\/\/www.inafashion.com.pl\/index.php\/stroje-dla-cheerleaderek-inafashion-com-pl\/dsc_0060_wm\/\" class=\"wp-image-112\" srcset=\"https:\/\/www.inafashion.com.pl\/wp-content\/uploads\/2021\/06\/DSC_0060_wm-1024x676.jpg 1024w, https:\/\/www.inafashion.com.pl\/wp-content\/uploads\/2021\/06\/DSC_0060_wm-300x198.jpg 300w, https:\/\/www.inafashion.com.pl\/wp-content\/uploads\/2021\/06\/DSC_0060_wm-768x507.jpg 768w, https:\/\/www.inafashion.com.pl\/wp-content\/uploads\/2021\/06\/DSC_0060_wm.jpg 1501w\" sizes=\"(max-width: 1024px) 100vw, 1024px\" \/><\/figure><\/li><li class=\"blocks-gallery-item\"><figure><img loading=\"lazy\" width=\"1024\" height=\"679\" src=\"http:\/\/www.inafashion.com.pl\/wp-content\/uploads\/2021\/06\/DSC_0082_wm-1024x679.jpg\" alt=\"\" data-id=\"113\" data-full-url=\"http:\/\/www.inafashion.com.pl\/wp-content\/uploads\/2021\/06\/DSC_0082_wm.jpg\" data-link=\"http:\/\/www.inafashion.com.pl\/index.php\/stroje-dla-cheerleaderek-inafashion-com-pl\/dsc_0082_wm\/\" class=\"wp-image-113\" srcset=\"https:\/\/www.inafashion.com.pl\/wp-content\/uploads\/2021\/06\/DSC_0082_wm-1024x679.jpg 1024w, https:\/\/www.inafashion.com.pl\/wp-content\/uploads\/2021\/06\/DSC_0082_wm-300x199.jpg 300w, https:\/\/www.inafashion.com.pl\/wp-content\/uploads\/2021\/06\/DSC_0082_wm-768x510.jpg 768w, https:\/\/www.inafashion.com.pl\/wp-content\/uploads\/2021\/06\/DSC_0082_wm.jpg 1501w\" sizes=\"(max-width: 1024px) 100vw, 1024px\" \/><\/figure><\/li><li class=\"blocks-gallery-item\"><figure><img loading=\"lazy\" width=\"1024\" height=\"678\" src=\"http:\/\/www.inafashion.com.pl\/wp-content\/uploads\/2021\/06\/DSC_0084_wm-1024x678.jpg\" alt=\"\" data-id=\"114\" data-full-url=\"http:\/\/www.inafashion.com.pl\/wp-content\/uploads\/2021\/06\/DSC_0084_wm.jpg\" data-link=\"http:\/\/www.inafashion.com.pl\/index.php\/stroje-dla-cheerleaderek-inafashion-com-pl\/dsc_0084_wm\/\" class=\"wp-image-114\" srcset=\"https:\/\/www.inafashion.com.pl\/wp-content\/uploads\/2021\/06\/DSC_0084_wm-1024x678.jpg 1024w, https:\/\/www.inafashion.com.pl\/wp-content\/uploads\/2021\/06\/DSC_0084_wm-300x199.jpg 300w, https:\/\/www.inafashion.com.pl\/wp-content\/uploads\/2021\/06\/DSC_0084_wm-768x509.jpg 768w, https:\/\/www.inafashion.com.pl\/wp-content\/uploads\/2021\/06\/DSC_0084_wm.jpg 1499w\" sizes=\"(max-width: 1024px) 100vw, 1024px\" \/><\/figure><\/li><li class=\"blocks-gallery-item\"><figure><img loading=\"lazy\" width=\"1024\" height=\"682\" src=\"http:\/\/www.inafashion.com.pl\/wp-content\/uploads\/2021\/06\/DSC_0693_wm-1024x682.jpg\" alt=\"\" data-id=\"115\" data-full-url=\"http:\/\/www.inafashion.com.pl\/wp-content\/uploads\/2021\/06\/DSC_0693_wm.jpg\" data-link=\"http:\/\/www.inafashion.com.pl\/index.php\/stroje-dla-cheerleaderek-inafashion-com-pl\/dsc_0693_wm\/\" class=\"wp-image-115\" srcset=\"https:\/\/www.inafashion.com.pl\/wp-content\/uploads\/2021\/06\/DSC_0693_wm-1024x682.jpg 1024w, https:\/\/www.inafashion.com.pl\/wp-content\/uploads\/2021\/06\/DSC_0693_wm-300x200.jpg 300w, https:\/\/www.inafashion.com.pl\/wp-content\/uploads\/2021\/06\/DSC_0693_wm-768x512.jpg 768w, https:\/\/www.inafashion.com.pl\/wp-content\/uploads\/2021\/06\/DSC_0693_wm-920x613.jpg 920w, https:\/\/www.inafashion.com.pl\/wp-content\/uploads\/2021\/06\/DSC_0693_wm.jpg 1495w\" sizes=\"(max-width: 1024px) 100vw, 1024px\" \/><\/figure><\/li><li class=\"blocks-gallery-item\"><figure><img loading=\"lazy\" width=\"1024\" height=\"678\" src=\"http:\/\/www.inafashion.com.pl\/wp-content\/uploads\/2021\/06\/DSC_0702_wm-1024x678.jpg\" alt=\"\" data-id=\"116\" data-full-url=\"http:\/\/www.inafashion.com.pl\/wp-content\/uploads\/2021\/06\/DSC_0702_wm.jpg\" data-link=\"http:\/\/www.inafashion.com.pl\/index.php\/stroje-dla-cheerleaderek-inafashion-com-pl\/dsc_0702_wm\/\" class=\"wp-image-116\" srcset=\"https:\/\/www.inafashion.com.pl\/wp-content\/uploads\/2021\/06\/DSC_0702_wm-1024x678.jpg 1024w, https:\/\/www.inafashion.com.pl\/wp-content\/uploads\/2021\/06\/DSC_0702_wm-300x199.jpg 300w, https:\/\/www.inafashion.com.pl\/wp-content\/uploads\/2021\/06\/DSC_0702_wm-768x508.jpg 768w, https:\/\/www.inafashion.com.pl\/wp-content\/uploads\/2021\/06\/DSC_0702_wm.jpg 1499w\" sizes=\"(max-width: 1024px) 100vw, 1024px\" \/><\/figure><\/li><\/ul><\/figure>\n\n\n\n<figure class=\"wp-block-image\"><img alt=\"\"\/><\/figure>\n\n\n\n<p>Uwaga. Ze wzgl\u0119du na kopiowanie wzor\u00f3w w internecie, na naszej stronie internetowej zamieszczamy tylko wybrane stroje dla cheerleaderek. Zach\u0119camy do kontaktu z nami. <\/p>\n\n\n\n<div class=\"wp-block-buttons\">\n<div class=\"wp-block-button\"><a class=\"wp-block-button__link\" href=\"http:\/\/www.inafashion.com.pl\" target=\"_blank\" rel=\"noreferrer noopener\">Powr\u00f3t na stron\u0119 g\u0142\u00f3wn\u0105<\/a><\/div>\n<\/div>\n\n\n\n<p><\/p>\n","protected":false},"excerpt":{"rendered":"<p>Od samego pocz\u0105tku istnienia firma InaFashion zajmuje si\u0119 projektowaniem i wykonywaniem stroj\u00f3w dla cheerleaderek. Stroje dla cheerleaderek wykonywali\u015bmy tak\u017ce w<\/p>\n<p><a href=\"https:\/\/www.inafashion.com.pl\/index.php\/stroje-dla-cheerleaderek-inafashion-com-pl\/\" class=\"more-link\">Continue reading<span class=\"screen-reader-text\">Stroje dla cheerleaderek InaFashion.com.pl<\/span><\/a><\/p>\n","protected":false},"author":1,"featured_media":0,"parent":0,"menu_order":0,"comment_status":"closed","ping_status":"closed","template":"","meta":[],"_links":{"self":[{"href":"https:\/\/www.inafashion.com.pl\/index.php\/wp-json\/wp\/v2\/pages\/43"}],"collection":[{"href":"https:\/\/www.inafashion.com.pl\/index.php\/wp-json\/wp\/v2\/pages"}],"about":[{"href":"https:\/\/www.inafashion.com.pl\/index.php\/wp-json\/wp\/v2\/types\/page"}],"author":[{"embeddable":true,"href":"https:\/\/www.inafashion.com.pl\/index.php\/wp-json\/wp\/v2\/users\/1"}],"replies":[{"embeddable":true,"href":"https:\/\/www.inafashion.com.pl\/index.php\/wp-json\/wp\/v2\/comments?post=43"}],"version-history":[{"count":7,"href":"https:\/\/www.inafashion.com.pl\/index.php\/wp-json\/wp\/v2\/pages\/43\/revisions"}],"predecessor-version":[{"id":121,"href":"https:\/\/www.inafashion.com.pl\/index.php\/wp-json\/wp\/v2\/pages\/43\/revisions\/121"}],"wp:attachment":[{"href":"https:\/\/www.inafashion.com.pl\/index.php\/wp-json\/wp\/v2\/media?parent=43"}],"curies":[{"name":"wp","href":"https:\/\/api.w.org\/{rel}","templated":true}]}}