{"id":49,"date":"2021-04-25T20:41:47","date_gmt":"2021-04-25T20:41:47","guid":{"rendered":"http:\/\/www.inafashion.com.pl\/?page_id=49"},"modified":"2024-02-09T20:49:38","modified_gmt":"2024-02-09T20:49:38","slug":"o-nas-inafashion-com-pl","status":"publish","type":"page","link":"https:\/\/www.inafashion.com.pl\/index.php\/o-nas-inafashion-com-pl\/","title":{"rendered":"O nas &#8211; InaFashion.com.pl"},"content":{"rendered":"\n<div class=\"wp-block-cover has-background-dim\"><img loading=\"lazy\" width=\"1872\" height=\"1275\" class=\"wp-block-cover__image-background wp-image-5\" alt=\"\" src=\"http:\/\/www.inafashion.com.pl\/wp-content\/uploads\/2021\/04\/slider1.jpg\" data-object-fit=\"cover\" srcset=\"https:\/\/www.inafashion.com.pl\/wp-content\/uploads\/2021\/04\/slider1.jpg 1872w, https:\/\/www.inafashion.com.pl\/wp-content\/uploads\/2021\/04\/slider1-300x204.jpg 300w, https:\/\/www.inafashion.com.pl\/wp-content\/uploads\/2021\/04\/slider1-1024x697.jpg 1024w, https:\/\/www.inafashion.com.pl\/wp-content\/uploads\/2021\/04\/slider1-768x523.jpg 768w, https:\/\/www.inafashion.com.pl\/wp-content\/uploads\/2021\/04\/slider1-1536x1046.jpg 1536w\" sizes=\"(max-width: 1872px) 100vw, 1872px\" \/><div class=\"wp-block-cover__inner-container\">\n<p class=\"has-text-align-center has-large-font-size\"><strong>Ina Fashion <\/strong><\/p>\n\n\n\n<p class=\"has-text-align-center has-large-font-size\"><strong>O naszej firmie.<\/strong> <strong>Dane kontaktowe <\/strong> <\/p>\n<\/div><\/div>\n\n\n\n<p>Witamy serdecznie na stronie firmy \u201eIna Fashion &#8211; Stroje dla cheerleaderek i ma\u017coretek&#8221;.<\/p>\n\n\n\n<p>Specjalizujemy si\u0119 w projektowaniu i wykonywaniu stroj\u00f3w dla zespo\u0142\u00f3w tanecznych oraz dla solistek.<\/p>\n\n\n\n<p>Za\u0142o\u017cycielka firmy zajmowa\u0142a si\u0119 projektowaniem i szyciem stroj\u00f3w dla cheerleraderek, ma\u017coretek i zespo\u0142\u00f3w tanecznych od 2005 roku. Od urodzenia pasjonowa\u0142a si\u0119 mod\u0105, krojem i szyciem.<\/p>\n\n\n\n<p>Firma &#8220;Ina Fashion&#8221; rozpocz\u0119\u0142a swoj\u0105 dzia\u0142alno\u015b\u0107 w 2010 roku. W ci\u0105gu 11 lat swojej dzia\u0142alno\u015bci w portfolio firmy pojawi\u0142o si\u0119 kilkadziesi\u0105t zrealizowanych zam\u00f3wie\u0144. Zar\u00f3wno dla wieloosobowych zespo\u0142\u00f3w jak i dla solistek. Nasza firma przygotowywa\u0142a stroje dla dzieci w wieku przedszkolnym, dla dziewcz\u0105t w wieku szkolnych, a tak\u017ce dla dojrza\u0142ych pa\u0144 z klub\u00f3w seniora.<\/p>\n\n\n\n<p>Zespo\u0142y i solistki, wyst\u0119puj\u0105ce w naszych strojach, wiele razy znalaz\u0142y si\u0119 w \u015bcis\u0142ej czo\u0142\u00f3wce, albo na podium lokalnych i og\u00f3lnokrajowych mistrzostw.<\/p>\n\n\n\n<p>Nasza firma przygotowuje stroje zgodnie z Pa\u0144stwa oczekiwaniami. Mog\u0105 one zosta\u0107 zaprojektowane przez nas, zgodnie z Pa\u0144stwa oczekiwaniami (kolorystyka, wygl\u0105d, itd.).<\/p>\n\n\n\n<p>Wykonujemy tak\u017ce stroje wedle Pa\u0144stwa projekt\u00f3w, gotowych albo wst\u0119pnych (szkice itd.)<\/p>\n\n\n\n<p>W trakcie pracy korzystamy z materia\u0142\u00f3w najwy\u017cszej jako\u015bci. Stosujemy wiele interesuj\u0105cych dodatk\u00f3w, podkre\u015blaj\u0105cych pi\u0119kno stroju. Staramy si\u0119, aby ka\u017cdy, wykonany przez nas str\u00f3j, podkre\u015bla\u0142 pi\u0119kno tancerek oraz uprawianego przez nie sportu.<\/p>\n\n\n\n<p>Profil naszego dzia\u0142ania to szycie miarowe. Nie posiadamy magazynu z gotowymi strojami. Dla ka\u017cdego klienta przygotowujemy oryginalny projekt (albo korzystamy z projektu przygotowanego przez Pa\u0144stwa). Dokonujemy pomiar\u00f3w, aby ka\u017cdy str\u00f3j pasowa\u0142 idealnie do ka\u017cdej tancerki.<\/p>\n\n\n\n<p>Nasza firma mie\u015bci si\u0119 w Zgierzu k. \u0141odzi. Obs\u0142ugujemy klient\u00f3w z ca\u0142ej Polski. Doje\u017cd\u017camy na pomiary. W razie potrzeby mo\u017cemy dowie\u017a\u0107 gotowe stroje do klienta. Mo\u017cliwe jest tak\u017ce wykonywanie pomiar\u00f3w online (zgodnie z nasz\u0105 instrukcj\u0105) i wysy\u0142ka gotowych stroj\u00f3w za po\u015brednictwem firmy kurierskiej.<\/p>\n\n\n\n<p>Wystawiamy rachunki, nie jeste\u015bmy p\u0142atnikami VAT.<\/p>\n\n\n\n<p>Zach\u0119camy do kontaktu telefonicznego i mailowego. Oferujemy atrakcyjne ceny. Z pewno\u015bci\u0105 dojdziemy do porozumienia.<\/p>\n\n\n\n<p><strong>Ina Fashion &#8211; kontakt:<\/strong><\/p>\n\n\n\n<p>-&gt; <strong>telefon: 517-930-316<\/strong><\/p>\n\n\n\n<p>-> <strong>mail: inafashion@interia.pl<\/strong><\/p>\n\n\n\n<p>-> <strong>mo\u017cna te\u017c do nas pisa\u0107 za po\u015brednictwem naszej strony na Facebook<\/strong> <\/p>\n\n\n\n<figure class=\"wp-block-image size-large\"><img loading=\"lazy\" width=\"1024\" height=\"683\" src=\"https:\/\/www.inafashion.com.pl\/wp-content\/uploads\/2024\/02\/widawaa2-1024x683.jpg\" alt=\"\" class=\"wp-image-312\" srcset=\"https:\/\/www.inafashion.com.pl\/wp-content\/uploads\/2024\/02\/widawaa2-1024x683.jpg 1024w, https:\/\/www.inafashion.com.pl\/wp-content\/uploads\/2024\/02\/widawaa2-300x200.jpg 300w, https:\/\/www.inafashion.com.pl\/wp-content\/uploads\/2024\/02\/widawaa2-768x512.jpg 768w, https:\/\/www.inafashion.com.pl\/wp-content\/uploads\/2024\/02\/widawaa2-920x613.jpg 920w, https:\/\/www.inafashion.com.pl\/wp-content\/uploads\/2024\/02\/widawaa2.jpg 1080w\" sizes=\"(max-width: 1024px) 100vw, 1024px\" \/><\/figure>\n\n\n\n<figure class=\"wp-block-gallery columns-1 is-cropped\"><ul class=\"blocks-gallery-grid\"><li class=\"blocks-gallery-item\"><figure><img loading=\"lazy\" width=\"682\" height=\"1024\" src=\"http:\/\/www.inafashion.com.pl\/wp-content\/uploads\/2021\/05\/niebieski-682x1024.jpg\" alt=\"\" data-id=\"83\" data-full-url=\"http:\/\/www.inafashion.com.pl\/wp-content\/uploads\/2021\/05\/niebieski.jpg\" data-link=\"http:\/\/www.inafashion.com.pl\/index.php\/o-nas-inafashion-com-pl\/niebieski\/\" class=\"wp-image-83\" srcset=\"https:\/\/www.inafashion.com.pl\/wp-content\/uploads\/2021\/05\/niebieski-682x1024.jpg 682w, https:\/\/www.inafashion.com.pl\/wp-content\/uploads\/2021\/05\/niebieski-200x300.jpg 200w, https:\/\/www.inafashion.com.pl\/wp-content\/uploads\/2021\/05\/niebieski-768x1152.jpg 768w, https:\/\/www.inafashion.com.pl\/wp-content\/uploads\/2021\/05\/niebieski.jpg 915w\" sizes=\"(max-width: 682px) 100vw, 682px\" \/><\/figure><\/li><\/ul><\/figure>\n\n\n\n<p><strong>Co mo\u017cna znale\u017a\u0107 w naszej ofercie?<\/strong><\/p>\n\n\n\n<p>-&gt; Stroje dla ma\u017coretek<\/p>\n\n\n\n<p>-&gt; Stroje dla cheerleaderek<\/p>\n\n\n\n<p>-&gt; Stroje dla zespo\u0142\u00f3w tanecznych<\/p>\n\n\n\n<p>-&gt; Stroje dla solistek<\/p>\n\n\n\n<p>-&gt; R\u0119kawiczki dla ma\u017coretek<\/p>\n\n\n\n<p>-&gt; Fura\u017cerki dla ma\u017coretek<\/p>\n\n\n\n<p>-&gt; Fura\u017cerki r\u00f3\u017cnego typu<\/p>\n\n\n\n<p>-&gt; Podkolan\u00f3wki dla ma\u017coretek<\/p>\n\n\n\n<p>-&gt; P\u0142aszczyki dla ma\u017coretek<\/p>\n\n\n\n<p>-&gt; Stroje dla cheerleaderek na imprezy firmowe<\/p>\n\n\n\n<figure class=\"wp-block-gallery columns-1 is-cropped\"><ul class=\"blocks-gallery-grid\"><li class=\"blocks-gallery-item\"><figure><img loading=\"lazy\" width=\"670\" height=\"390\" src=\"http:\/\/www.inafashion.com.pl\/wp-content\/uploads\/2021\/05\/Kaja-Wolczynski-Osrodek-Kultury_wm-670x390-1.jpg\" alt=\"\" data-id=\"85\" data-full-url=\"http:\/\/www.inafashion.com.pl\/wp-content\/uploads\/2021\/05\/Kaja-Wolczynski-Osrodek-Kultury_wm-670x390-1.jpg\" data-link=\"http:\/\/www.inafashion.com.pl\/index.php\/o-nas-inafashion-com-pl\/kaja-wolczynski-osrodek-kultury_wm-670x390-1\/\" class=\"wp-image-85\" srcset=\"https:\/\/www.inafashion.com.pl\/wp-content\/uploads\/2021\/05\/Kaja-Wolczynski-Osrodek-Kultury_wm-670x390-1.jpg 670w, https:\/\/www.inafashion.com.pl\/wp-content\/uploads\/2021\/05\/Kaja-Wolczynski-Osrodek-Kultury_wm-670x390-1-300x175.jpg 300w\" sizes=\"(max-width: 670px) 100vw, 670px\" \/><\/figure><\/li><\/ul><\/figure>\n\n\n\n<figure class=\"wp-block-gallery columns-1 is-cropped\"><ul class=\"blocks-gallery-grid\"><li class=\"blocks-gallery-item\"><figure><img loading=\"lazy\" width=\"1024\" height=\"681\" src=\"http:\/\/www.inafashion.com.pl\/wp-content\/uploads\/2021\/05\/jeden_wm-1024x681.jpg\" alt=\"\" data-id=\"87\" data-link=\"http:\/\/www.inafashion.com.pl\/index.php\/o-nas-inafashion-com-pl\/jeden_wm\/\" class=\"wp-image-87\" srcset=\"https:\/\/www.inafashion.com.pl\/wp-content\/uploads\/2021\/05\/jeden_wm-1024x681.jpg 1024w, https:\/\/www.inafashion.com.pl\/wp-content\/uploads\/2021\/05\/jeden_wm-300x199.jpg 300w, https:\/\/www.inafashion.com.pl\/wp-content\/uploads\/2021\/05\/jeden_wm-768x511.jpg 768w, https:\/\/www.inafashion.com.pl\/wp-content\/uploads\/2021\/05\/jeden_wm-920x613.jpg 920w, https:\/\/www.inafashion.com.pl\/wp-content\/uploads\/2021\/05\/jeden_wm.jpg 1346w\" sizes=\"(max-width: 1024px) 100vw, 1024px\" \/><\/figure><\/li><\/ul><\/figure>\n\n\n\n<figure class=\"wp-block-gallery columns-1 is-cropped\"><ul class=\"blocks-gallery-grid\"><li class=\"blocks-gallery-item\"><figure><img loading=\"lazy\" width=\"1024\" height=\"765\" src=\"http:\/\/www.inafashion.com.pl\/wp-content\/uploads\/2021\/05\/dzierzgowo-1-1024x765.jpg\" alt=\"\" data-id=\"91\" data-full-url=\"http:\/\/www.inafashion.com.pl\/wp-content\/uploads\/2021\/05\/dzierzgowo-1.jpg\" data-link=\"http:\/\/www.inafashion.com.pl\/index.php\/o-nas-inafashion-com-pl\/dzierzgowo-1\/\" class=\"wp-image-91\" srcset=\"https:\/\/www.inafashion.com.pl\/wp-content\/uploads\/2021\/05\/dzierzgowo-1-1024x765.jpg 1024w, https:\/\/www.inafashion.com.pl\/wp-content\/uploads\/2021\/05\/dzierzgowo-1-300x224.jpg 300w, https:\/\/www.inafashion.com.pl\/wp-content\/uploads\/2021\/05\/dzierzgowo-1-768x573.jpg 768w, https:\/\/www.inafashion.com.pl\/wp-content\/uploads\/2021\/05\/dzierzgowo-1.jpg 1464w\" sizes=\"(max-width: 1024px) 100vw, 1024px\" \/><\/figure><\/li><\/ul><\/figure>\n\n\n\n<figure class=\"wp-block-image size-large is-resized\"><img loading=\"lazy\" src=\"http:\/\/www.inafashion.com.pl\/wp-content\/uploads\/2021\/06\/wiktoria-2-674x1024.jpg\" alt=\"\" class=\"wp-image-131\" width=\"850\" height=\"1291\" srcset=\"https:\/\/www.inafashion.com.pl\/wp-content\/uploads\/2021\/06\/wiktoria-2-674x1024.jpg 674w, https:\/\/www.inafashion.com.pl\/wp-content\/uploads\/2021\/06\/wiktoria-2-198x300.jpg 198w, https:\/\/www.inafashion.com.pl\/wp-content\/uploads\/2021\/06\/wiktoria-2-768x1166.jpg 768w, https:\/\/www.inafashion.com.pl\/wp-content\/uploads\/2021\/06\/wiktoria-2.jpg 797w\" sizes=\"(max-width: 850px) 100vw, 850px\" \/><\/figure>\n\n\n\n<div class=\"wp-block-buttons\">\n<div class=\"wp-block-button\"><a class=\"wp-block-button__link\" href=\"https:\/\/www.inafashion.com.pl\/\" target=\"_blank\" rel=\"noreferrer noopener\">Powr\u00f3t na stron\u0119 g\u0142\u00f3wn\u0105<\/a><\/div>\n\n\n\n<div class=\"wp-block-button\"><a class=\"wp-block-button__link\" href=\"\" target=\"_blank\" rel=\"noreferrer noopener\">galeria zrealizowanych projekt\u00f3w<\/a><\/div>\n\n\n\n<div class=\"wp-block-button\"><a class=\"wp-block-button__link\" href=\"https:\/\/www.inafashion.com.pl\/index.php\/galeria-zrealizowanych-projektow-inafashion-com-pl\/\"><\/a><\/div>\n<\/div>\n\n\n\n<pre class=\"wp-block-preformatted\"><\/pre>\n\n\n\n<p><\/p>\n","protected":false},"excerpt":{"rendered":"<p>Witamy serdecznie na stronie firmy \u201eIna Fashion &#8211; Stroje dla cheerleaderek i ma\u017coretek&#8221;. Specjalizujemy si\u0119 w projektowaniu i wykonywaniu stroj\u00f3w<\/p>\n<p><a href=\"https:\/\/www.inafashion.com.pl\/index.php\/o-nas-inafashion-com-pl\/\" class=\"more-link\">Continue reading<span class=\"screen-reader-text\">O nas &#8211; InaFashion.com.pl<\/span><\/a><\/p>\n","protected":false},"author":1,"featured_media":0,"parent":0,"menu_order":0,"comment_status":"closed","ping_status":"closed","template":"","meta":[],"_links":{"self":[{"href":"https:\/\/www.inafashion.com.pl\/index.php\/wp-json\/wp\/v2\/pages\/49"}],"collection":[{"href":"https:\/\/www.inafashion.com.pl\/index.php\/wp-json\/wp\/v2\/pages"}],"about":[{"href":"https:\/\/www.inafashion.com.pl\/index.php\/wp-json\/wp\/v2\/types\/page"}],"author":[{"embeddable":true,"href":"https:\/\/www.inafashion.com.pl\/index.php\/wp-json\/wp\/v2\/users\/1"}],"replies":[{"embeddable":true,"href":"https:\/\/www.inafashion.com.pl\/index.php\/wp-json\/wp\/v2\/comments?post=49"}],"version-history":[{"count":15,"href":"https:\/\/www.inafashion.com.pl\/index.php\/wp-json\/wp\/v2\/pages\/49\/revisions"}],"predecessor-version":[{"id":338,"href":"https:\/\/www.inafashion.com.pl\/index.php\/wp-json\/wp\/v2\/pages\/49\/revisions\/338"}],"wp:attachment":[{"href":"https:\/\/www.inafashion.com.pl\/index.php\/wp-json\/wp\/v2\/media?parent=49"}],"curies":[{"name":"wp","href":"https:\/\/api.w.org\/{rel}","templated":true}]}}